{"id":787,"date":"2022-07-04T14:13:59","date_gmt":"2022-07-04T12:13:59","guid":{"rendered":"https:\/\/turing.aticomunicazione.it\/lariosport\/?page_id=787"},"modified":"2022-07-15T16:26:55","modified_gmt":"2022-07-15T14:26:55","slug":"attualita","status":"publish","type":"page","link":"https:\/\/turing.aticomunicazione.it\/mountaingenius\/attualita\/","title":{"rendered":"Attualit\u00e0"},"content":{"rendered":"\t\t<div data-elementor-type=\"wp-page\" data-elementor-id=\"787\" class=\"elementor elementor-787\">\n\t\t\t\t\t\t\t\t\t<section class=\"elementor-section elementor-top-section elementor-element elementor-element-2b94eea elementor-section-boxed elementor-section-height-default elementor-section-height-default\" data-id=\"2b94eea\" data-element_type=\"section\">\n\t\t\t\t\t\t<div class=\"elementor-container elementor-column-gap-default\">\n\t\t\t\t\t<div class=\"elementor-column elementor-col-100 elementor-top-column elementor-element elementor-element-6f18e90\" data-id=\"6f18e90\" data-element_type=\"column\">\n\t\t\t<div class=\"elementor-widget-wrap elementor-element-populated\">\n\t\t\t\t\t\t\t\t<div class=\"elementor-element elementor-element-612a9c3 elementor-grid-2 elementor-grid-tablet-2 elementor-grid-mobile-1 elementor-widget elementor-widget-post-grid\" data-id=\"612a9c3\" data-element_type=\"widget\" data-settings=\"{&quot;columns&quot;:&quot;2&quot;,&quot;columns_tablet&quot;:&quot;2&quot;,&quot;columns_mobile&quot;:&quot;1&quot;}\" data-widget_type=\"post-grid.default\">\n\t\t\t\t<div class=\"elementor-widget-container\">\n\t\t\t<div class=\"elespare-widget-title-section title-style-9 elespare-left\"><h4 class=\"elespare-widget-title\"><span class=\"elespare-section-title-before\"><\/span><span class=\"elespare-section-title\">attualit\u00e0 <\/span><span class=\"elespare-section-title-after\"><\/span><\/h4><\/div>        <div class=\"elespare-grid-wrap grid-layout has-background  \">\n\n                <div class=\"elespare-posts-wrap  elementor-grid grid-style-7  elespare-image-zoom-tilt elespare-dark \">\n                                                <div class=\"elespare-posts-grid-post-items\">\n\n                                <div class=\"elespare-img-wrapper\">\n                                      <a href=\"https:\/\/turing.aticomunicazione.it\/mountaingenius\/caro-energia-inverno-dello-sci-a-rischio\/\">\n            <img width=\"2560\" height=\"1440\" src=\"https:\/\/turing.aticomunicazione.it\/mountaingenius\/wp-content\/uploads\/2022\/10\/view-of-winter-mountain-landscape-with-sun-scaled-e1665385728362.jpg\" class=\"attachment-full size-full wp-post-image\" alt=\"\" loading=\"lazy\" srcset=\"https:\/\/turing.aticomunicazione.it\/mountaingenius\/wp-content\/uploads\/2022\/10\/view-of-winter-mountain-landscape-with-sun-scaled-e1665385728362.jpg 2560w, https:\/\/turing.aticomunicazione.it\/mountaingenius\/wp-content\/uploads\/2022\/10\/view-of-winter-mountain-landscape-with-sun-scaled-e1665385728362-300x169.jpg 300w, https:\/\/turing.aticomunicazione.it\/mountaingenius\/wp-content\/uploads\/2022\/10\/view-of-winter-mountain-landscape-with-sun-scaled-e1665385728362-1024x576.jpg 1024w, https:\/\/turing.aticomunicazione.it\/mountaingenius\/wp-content\/uploads\/2022\/10\/view-of-winter-mountain-landscape-with-sun-scaled-e1665385728362-768x432.jpg 768w, https:\/\/turing.aticomunicazione.it\/mountaingenius\/wp-content\/uploads\/2022\/10\/view-of-winter-mountain-landscape-with-sun-scaled-e1665385728362-1536x864.jpg 1536w, https:\/\/turing.aticomunicazione.it\/mountaingenius\/wp-content\/uploads\/2022\/10\/view-of-winter-mountain-landscape-with-sun-scaled-e1665385728362-2048x1152.jpg 2048w\" sizes=\"(max-width: 2560px) 100vw, 2560px\" \/>        <\/a>\n    \n                                    <ul class='elespare-cat-links solid'><li class=\"elespare-meta-category\">\n                                <a class=\"elespare-categories\" href=\"https:\/\/turing.aticomunicazione.it\/mountaingenius\/category\/attualita\/\">\n                                    Attualit\u00e0\n                                <\/a>\n                            <\/li><\/ul>                                <\/div>\n                                <div class=\"elespare-content-wrapper\">\n                                                                        <div class=\"elespare-content-wrapper-inner\">\n                                    \n    <h4 class=\"elespare-post-title\">\n        <a href=\"https:\/\/turing.aticomunicazione.it\/mountaingenius\/caro-energia-inverno-dello-sci-a-rischio\/\"> <span>Caro energia, inverno dello sci a rischio<\/span><\/a>\n    <\/h4>\n                <div class=\"elespare-metadata\">\n                                                    <span class=\"elespare-posts-full-post-author\">\n                        <a href=\"https:\/\/turing.aticomunicazione.it\/mountaingenius\/2022\/\">\n                                <i aria-hidden=\"true\" class=\"demo-icon elespare-icons-clock\"><\/i>                                10 Ottobre 2022                            \n                        <\/a>\n                    <\/span>\n                                            <\/div>\n                <div class=\"elespare-exceprt\">\n            <p>Caro energia, inverno dello sci a rischio Inverno 2022\/2023 a rischio con l\u2019aumento dei costi dell\u2019energia. Quest\u2019anno la settimana bianca coster\u00e0 di pi\u00f9, ad affermarlo&hellip;<\/p>\n                <\/div>\n                                        <\/div>\n\n                                <\/div>\n                            <\/div>\n                                                    <div class=\"elespare-posts-grid-post-items\">\n\n                                <div class=\"elespare-img-wrapper\">\n                                      <a href=\"https:\/\/turing.aticomunicazione.it\/mountaingenius\/tra-crisi-climatica-e-modernita-imperante-paura-per-il-mustang\/\">\n            <img width=\"2560\" height=\"1440\" src=\"https:\/\/turing.aticomunicazione.it\/mountaingenius\/wp-content\/uploads\/2022\/10\/hands-on-dry-ground-global-warming-and-water-crisis-scaled-e1665385684944.jpg\" class=\"attachment-full size-full wp-post-image\" alt=\"\" loading=\"lazy\" srcset=\"https:\/\/turing.aticomunicazione.it\/mountaingenius\/wp-content\/uploads\/2022\/10\/hands-on-dry-ground-global-warming-and-water-crisis-scaled-e1665385684944.jpg 2560w, https:\/\/turing.aticomunicazione.it\/mountaingenius\/wp-content\/uploads\/2022\/10\/hands-on-dry-ground-global-warming-and-water-crisis-scaled-e1665385684944-300x169.jpg 300w, https:\/\/turing.aticomunicazione.it\/mountaingenius\/wp-content\/uploads\/2022\/10\/hands-on-dry-ground-global-warming-and-water-crisis-scaled-e1665385684944-1024x576.jpg 1024w, https:\/\/turing.aticomunicazione.it\/mountaingenius\/wp-content\/uploads\/2022\/10\/hands-on-dry-ground-global-warming-and-water-crisis-scaled-e1665385684944-768x432.jpg 768w, https:\/\/turing.aticomunicazione.it\/mountaingenius\/wp-content\/uploads\/2022\/10\/hands-on-dry-ground-global-warming-and-water-crisis-scaled-e1665385684944-1536x864.jpg 1536w, https:\/\/turing.aticomunicazione.it\/mountaingenius\/wp-content\/uploads\/2022\/10\/hands-on-dry-ground-global-warming-and-water-crisis-scaled-e1665385684944-2048x1152.jpg 2048w\" sizes=\"(max-width: 2560px) 100vw, 2560px\" \/>        <\/a>\n    \n                                    <ul class='elespare-cat-links solid'><li class=\"elespare-meta-category\">\n                                <a class=\"elespare-categories\" href=\"https:\/\/turing.aticomunicazione.it\/mountaingenius\/category\/attualita\/\">\n                                    Attualit\u00e0\n                                <\/a>\n                            <\/li><\/ul>                                <\/div>\n                                <div class=\"elespare-content-wrapper\">\n                                                                        <div class=\"elespare-content-wrapper-inner\">\n                                    \n    <h4 class=\"elespare-post-title\">\n        <a href=\"https:\/\/turing.aticomunicazione.it\/mountaingenius\/tra-crisi-climatica-e-modernita-imperante-paura-per-il-mustang\/\"> <span>Tra crisi climatica e modernit\u00e0 imperante, paura per il Mustang<\/span><\/a>\n    <\/h4>\n                <div class=\"elespare-metadata\">\n                                                    <span class=\"elespare-posts-full-post-author\">\n                        <a href=\"https:\/\/turing.aticomunicazione.it\/mountaingenius\/2022\/\">\n                                <i aria-hidden=\"true\" class=\"demo-icon elespare-icons-clock\"><\/i>                                10 Ottobre 2022                            \n                        <\/a>\n                    <\/span>\n                                            <\/div>\n                <div class=\"elespare-exceprt\">\n            <p>Tra crisi climatica e modernit\u00e0 imperante, paura per il Mustang Precipitazioni in calo, maggiore aridit\u00e0 del suolo, dissesto idrogeologico e piene improvvise sono solo alcuni&hellip;<\/p>\n                <\/div>\n                                        <\/div>\n\n                                <\/div>\n                            <\/div>\n                                        <\/div>\n            <\/div>\n        \t\t<\/div>\n\t\t\t\t<\/div>\n\t\t\t\t<div class=\"elementor-element elementor-element-302c2d1 elementor-widget elementor-widget-spacer\" data-id=\"302c2d1\" data-element_type=\"widget\" data-widget_type=\"spacer.default\">\n\t\t\t\t<div class=\"elementor-widget-container\">\n\t\t\t<style>\/*! elementor - v3.7.7 - 20-09-2022 *\/\n.elementor-column .elementor-spacer-inner{height:var(--spacer-size)}.e-container{--container-widget-width:100%}.e-container>.elementor-widget-spacer{width:var(--container-widget-width,var(--spacer-size));-ms-flex-item-align:stretch;align-self:stretch;-ms-flex-negative:0;flex-shrink:0}.e-container>.elementor-widget-spacer>.elementor-widget-container,.e-container>.elementor-widget-spacer>.elementor-widget-container>.elementor-spacer{height:100%}.e-container>.elementor-widget-spacer>.elementor-widget-container>.elementor-spacer>.elementor-spacer-inner{height:var(--container-widget-height,var(--spacer-size))}<\/style>\t\t<div class=\"elementor-spacer\">\n\t\t\t<div class=\"elementor-spacer-inner\"><\/div>\n\t\t<\/div>\n\t\t\t\t<\/div>\n\t\t\t\t<\/div>\n\t\t\t\t<section class=\"elementor-section elementor-inner-section elementor-element elementor-element-927d230 elementor-section-boxed elementor-section-height-default elementor-section-height-default\" data-id=\"927d230\" data-element_type=\"section\">\n\t\t\t\t\t\t<div class=\"elementor-container elementor-column-gap-default\">\n\t\t\t\t\t<div class=\"elementor-column elementor-col-50 elementor-inner-column elementor-element elementor-element-ea4055b\" data-id=\"ea4055b\" data-element_type=\"column\">\n\t\t\t<div class=\"elementor-widget-wrap elementor-element-populated\">\n\t\t\t\t\t\t\t\t<div class=\"elementor-element elementor-element-4002d42 elementor-widget elementor-widget-image\" data-id=\"4002d42\" data-element_type=\"widget\" data-widget_type=\"image.default\">\n\t\t\t\t<div class=\"elementor-widget-container\">\n\t\t\t<style>\/*! elementor - v3.7.7 - 20-09-2022 *\/\n.elementor-widget-image{text-align:center}.elementor-widget-image a{display:inline-block}.elementor-widget-image a img[src$=\".svg\"]{width:48px}.elementor-widget-image img{vertical-align:middle;display:inline-block}<\/style>\t\t\t\t\t\t\t\t\t\t\t\t<img width=\"1440\" height=\"524\" src=\"https:\/\/turing.aticomunicazione.it\/mountaingenius\/wp-content\/uploads\/2016\/05\/google-1.png\" class=\"attachment-full size-full\" alt=\"\" loading=\"lazy\" srcset=\"https:\/\/turing.aticomunicazione.it\/mountaingenius\/wp-content\/uploads\/2016\/05\/google-1.png 1440w, https:\/\/turing.aticomunicazione.it\/mountaingenius\/wp-content\/uploads\/2016\/05\/google-1-300x109.png 300w, https:\/\/turing.aticomunicazione.it\/mountaingenius\/wp-content\/uploads\/2016\/05\/google-1-1024x373.png 1024w, https:\/\/turing.aticomunicazione.it\/mountaingenius\/wp-content\/uploads\/2016\/05\/google-1-768x279.png 768w\" sizes=\"(max-width: 1440px) 100vw, 1440px\" \/>\t\t\t\t\t\t\t\t\t\t\t\t\t\t\t<\/div>\n\t\t\t\t<\/div>\n\t\t\t\t\t<\/div>\n\t\t<\/div>\n\t\t\t\t<div class=\"elementor-column elementor-col-50 elementor-inner-column elementor-element elementor-element-73c5f84\" data-id=\"73c5f84\" data-element_type=\"column\">\n\t\t\t<div class=\"elementor-widget-wrap elementor-element-populated\">\n\t\t\t\t\t\t\t\t<div class=\"elementor-element elementor-element-1c6e381 elementor-widget elementor-widget-image\" data-id=\"1c6e381\" data-element_type=\"widget\" data-widget_type=\"image.default\">\n\t\t\t\t<div class=\"elementor-widget-container\">\n\t\t\t\t\t\t\t\t\t\t\t\t\t\t\t<img width=\"1440\" height=\"524\" src=\"https:\/\/turing.aticomunicazione.it\/mountaingenius\/wp-content\/uploads\/2016\/05\/google-1.png\" class=\"attachment-full size-full\" alt=\"\" loading=\"lazy\" srcset=\"https:\/\/turing.aticomunicazione.it\/mountaingenius\/wp-content\/uploads\/2016\/05\/google-1.png 1440w, https:\/\/turing.aticomunicazione.it\/mountaingenius\/wp-content\/uploads\/2016\/05\/google-1-300x109.png 300w, https:\/\/turing.aticomunicazione.it\/mountaingenius\/wp-content\/uploads\/2016\/05\/google-1-1024x373.png 1024w, https:\/\/turing.aticomunicazione.it\/mountaingenius\/wp-content\/uploads\/2016\/05\/google-1-768x279.png 768w\" sizes=\"(max-width: 1440px) 100vw, 1440px\" \/>\t\t\t\t\t\t\t\t\t\t\t\t\t\t\t<\/div>\n\t\t\t\t<\/div>\n\t\t\t\t\t<\/div>\n\t\t<\/div>\n\t\t\t\t\t\t\t<\/div>\n\t\t<\/section>\n\t\t\t\t<div class=\"elementor-element elementor-element-8fb64d9 elementor-widget elementor-widget-spacer\" data-id=\"8fb64d9\" data-element_type=\"widget\" data-widget_type=\"spacer.default\">\n\t\t\t\t<div class=\"elementor-widget-container\">\n\t\t\t\t\t<div class=\"elementor-spacer\">\n\t\t\t<div class=\"elementor-spacer-inner\"><\/div>\n\t\t<\/div>\n\t\t\t\t<\/div>\n\t\t\t\t<\/div>\n\t\t\t\t<div class=\"elementor-element elementor-element-f345c30 elementor-hidden-desktop elementor-hidden-tablet elementor-widget-divider--view-line elementor-widget elementor-widget-divider\" data-id=\"f345c30\" data-element_type=\"widget\" data-widget_type=\"divider.default\">\n\t\t\t\t<div class=\"elementor-widget-container\">\n\t\t\t<style>\/*! elementor - v3.7.7 - 20-09-2022 *\/\n.elementor-widget-divider{--divider-border-style:none;--divider-border-width:1px;--divider-color:#2c2c2c;--divider-icon-size:20px;--divider-element-spacing:10px;--divider-pattern-height:24px;--divider-pattern-size:20px;--divider-pattern-url:none;--divider-pattern-repeat:repeat-x}.elementor-widget-divider .elementor-divider{display:-webkit-box;display:-ms-flexbox;display:flex}.elementor-widget-divider .elementor-divider__text{font-size:15px;line-height:1;max-width:95%}.elementor-widget-divider .elementor-divider__element{margin:0 var(--divider-element-spacing);-ms-flex-negative:0;flex-shrink:0}.elementor-widget-divider .elementor-icon{font-size:var(--divider-icon-size)}.elementor-widget-divider .elementor-divider-separator{display:-webkit-box;display:-ms-flexbox;display:flex;margin:0;direction:ltr}.elementor-widget-divider--view-line_icon .elementor-divider-separator,.elementor-widget-divider--view-line_text .elementor-divider-separator{-webkit-box-align:center;-ms-flex-align:center;align-items:center}.elementor-widget-divider--view-line_icon .elementor-divider-separator:after,.elementor-widget-divider--view-line_icon .elementor-divider-separator:before,.elementor-widget-divider--view-line_text .elementor-divider-separator:after,.elementor-widget-divider--view-line_text .elementor-divider-separator:before{display:block;content:\"\";border-bottom:0;-webkit-box-flex:1;-ms-flex-positive:1;flex-grow:1;border-top:var(--divider-border-width) var(--divider-border-style) var(--divider-color)}.elementor-widget-divider--element-align-left .elementor-divider .elementor-divider-separator>.elementor-divider__svg:first-of-type{-webkit-box-flex:0;-ms-flex-positive:0;flex-grow:0;-ms-flex-negative:100;flex-shrink:100}.elementor-widget-divider--element-align-left .elementor-divider-separator:before{content:none}.elementor-widget-divider--element-align-left .elementor-divider__element{margin-left:0}.elementor-widget-divider--element-align-right .elementor-divider .elementor-divider-separator>.elementor-divider__svg:last-of-type{-webkit-box-flex:0;-ms-flex-positive:0;flex-grow:0;-ms-flex-negative:100;flex-shrink:100}.elementor-widget-divider--element-align-right .elementor-divider-separator:after{content:none}.elementor-widget-divider--element-align-right .elementor-divider__element{margin-right:0}.elementor-widget-divider:not(.elementor-widget-divider--view-line_text):not(.elementor-widget-divider--view-line_icon) .elementor-divider-separator{border-top:var(--divider-border-width) var(--divider-border-style) var(--divider-color)}.elementor-widget-divider--separator-type-pattern{--divider-border-style:none}.elementor-widget-divider--separator-type-pattern.elementor-widget-divider--view-line .elementor-divider-separator,.elementor-widget-divider--separator-type-pattern:not(.elementor-widget-divider--view-line) .elementor-divider-separator:after,.elementor-widget-divider--separator-type-pattern:not(.elementor-widget-divider--view-line) .elementor-divider-separator:before,.elementor-widget-divider--separator-type-pattern:not([class*=elementor-widget-divider--view]) .elementor-divider-separator{width:100%;min-height:var(--divider-pattern-height);-webkit-mask-size:var(--divider-pattern-size) 100%;mask-size:var(--divider-pattern-size) 100%;-webkit-mask-repeat:var(--divider-pattern-repeat);mask-repeat:var(--divider-pattern-repeat);background-color:var(--divider-color);-webkit-mask-image:var(--divider-pattern-url);mask-image:var(--divider-pattern-url)}.elementor-widget-divider--no-spacing{--divider-pattern-size:auto}.elementor-widget-divider--bg-round{--divider-pattern-repeat:round}.rtl .elementor-widget-divider .elementor-divider__text{direction:rtl}.e-container>.elementor-widget-divider{width:var(--container-widget-width,100%);--flex-grow:var(--container-widget-flex-grow,0)}<\/style>\t\t<div class=\"elementor-divider\">\n\t\t\t<span class=\"elementor-divider-separator\">\n\t\t\t\t\t\t<\/span>\n\t\t<\/div>\n\t\t\t\t<\/div>\n\t\t\t\t<\/div>\n\t\t\t\t<div class=\"elementor-element elementor-element-0db7fbd elementor-grid-3 elementor-grid-tablet-2 elementor-grid-mobile-1 elementor-posts--thumbnail-top elementor-widget elementor-widget-posts\" data-id=\"0db7fbd\" data-element_type=\"widget\" data-settings=\"{&quot;classic_columns&quot;:&quot;3&quot;,&quot;classic_columns_tablet&quot;:&quot;2&quot;,&quot;classic_columns_mobile&quot;:&quot;1&quot;,&quot;classic_row_gap&quot;:{&quot;unit&quot;:&quot;px&quot;,&quot;size&quot;:35,&quot;sizes&quot;:[]},&quot;classic_row_gap_laptop&quot;:{&quot;unit&quot;:&quot;px&quot;,&quot;size&quot;:&quot;&quot;,&quot;sizes&quot;:[]},&quot;classic_row_gap_tablet&quot;:{&quot;unit&quot;:&quot;px&quot;,&quot;size&quot;:&quot;&quot;,&quot;sizes&quot;:[]},&quot;classic_row_gap_mobile&quot;:{&quot;unit&quot;:&quot;px&quot;,&quot;size&quot;:&quot;&quot;,&quot;sizes&quot;:[]}}\" data-widget_type=\"posts.classic\">\n\t\t\t\t<div class=\"elementor-widget-container\">\n\t\t\t<link rel=\"stylesheet\" href=\"https:\/\/turing.aticomunicazione.it\/mountaingenius\/wp-content\/plugins\/elementor-pro\/assets\/css\/widget-posts.min.css\">\t\t<div class=\"elementor-posts-container elementor-posts elementor-posts--skin-classic elementor-grid\">\n\t\t\t\t<article class=\"elementor-post elementor-grid-item post-1599 post type-post status-publish format-standard has-post-thumbnail hentry category-attualita tag-news\">\n\t\t\t\t<a class=\"elementor-post__thumbnail__link\" href=\"https:\/\/turing.aticomunicazione.it\/mountaingenius\/welcome-in-mountain-genius\/\" target=&quot;_blank&quot;>\n\t\t\t<div class=\"elementor-post__thumbnail\"><img width=\"2048\" height=\"1152\" src=\"https:\/\/turing.aticomunicazione.it\/mountaingenius\/wp-content\/uploads\/2021\/07\/MicrosoftTeams-image30-e1665151251844.jpg\" class=\"attachment-full size-full\" alt=\"\" loading=\"lazy\" \/><\/div>\n\t\t<\/a>\n\t\t\t\t<div class=\"elementor-post__text\">\n\t\t\t\t<h3 class=\"elementor-post__title\">\n\t\t\t<a href=\"https:\/\/turing.aticomunicazione.it\/mountaingenius\/welcome-in-mountain-genius\/\" target=&quot;_blank&quot;>\n\t\t\t\tWelcome to Mountain Genius!\t\t\t<\/a>\n\t\t<\/h3>\n\t\t\t\t<div class=\"elementor-post__meta-data\">\n\t\t\t\t\t<span class=\"elementor-post-date\">\n\t\t\t27 Luglio 2021\t\t<\/span>\n\t\t\t\t<span class=\"elementor-post-avatar\">\n\t\t\t2 commenti\t\t<\/span>\n\t\t\t\t<\/div>\n\t\t\t\t<div class=\"elementor-post__excerpt\">\n\t\t\t<p>Welcome to Mountain Genius! It is a perception, a vision, a brand. Because giving a name is a good way to identify the path. The<\/p>\n\t\t<\/div>\n\t\t\n\t\t<a class=\"elementor-post__read-more\" href=\"https:\/\/turing.aticomunicazione.it\/mountaingenius\/welcome-in-mountain-genius\/\" target=\"_blank\">\n\t\t\tLeggi Tutto \u00bb\t\t<\/a>\n\n\t\t\t\t<\/div>\n\t\t\t\t<\/article>\n\t\t\t\t<\/div>\n\n\n\t\t\n\t\t\t\t<\/div>\n\t\t\t\t<\/div>\n\t\t\t\t\t<\/div>\n\t\t<\/div>\n\t\t\t\t\t\t\t<\/div>\n\t\t<\/section>\n\t\t\t\t\t\t\t<\/div>\n\t\t","protected":false},"excerpt":{"rendered":"<p>attualit\u00e0 Attualit\u00e0 Attualit\u00e0 2 6 Giugno 2022 PLAYOFF A2 &#8211; Cant\u00f9 &#8220;raddoppia&#8221; ed \u00e8 felice: 2-0 contro Ravenna dopo gara2 di semifinale La serie ora si sposta a Faenza: gara3 gioved\u00ec, eventuale&hellip; Attualit\u00e0 Articolo video 2 1 Giugno 2022 Articolo video 3 La serie ora si sposta a Faenza: gara3 gioved\u00ec, eventuale gara4 sabato al [&hellip;]<\/p>\n","protected":false},"author":1,"featured_media":0,"parent":0,"menu_order":0,"comment_status":"closed","ping_status":"closed","template":"","meta":[],"acf":[],"_links":{"self":[{"href":"https:\/\/turing.aticomunicazione.it\/mountaingenius\/wp-json\/wp\/v2\/pages\/787"}],"collection":[{"href":"https:\/\/turing.aticomunicazione.it\/mountaingenius\/wp-json\/wp\/v2\/pages"}],"about":[{"href":"https:\/\/turing.aticomunicazione.it\/mountaingenius\/wp-json\/wp\/v2\/types\/page"}],"author":[{"embeddable":true,"href":"https:\/\/turing.aticomunicazione.it\/mountaingenius\/wp-json\/wp\/v2\/users\/1"}],"replies":[{"embeddable":true,"href":"https:\/\/turing.aticomunicazione.it\/mountaingenius\/wp-json\/wp\/v2\/comments?post=787"}],"version-history":[{"count":4,"href":"https:\/\/turing.aticomunicazione.it\/mountaingenius\/wp-json\/wp\/v2\/pages\/787\/revisions"}],"predecessor-version":[{"id":1153,"href":"https:\/\/turing.aticomunicazione.it\/mountaingenius\/wp-json\/wp\/v2\/pages\/787\/revisions\/1153"}],"wp:attachment":[{"href":"https:\/\/turing.aticomunicazione.it\/mountaingenius\/wp-json\/wp\/v2\/media?parent=787"}],"curies":[{"name":"wp","href":"https:\/\/api.w.org\/{rel}","templated":true}]}}